{"id":19,"date":"2019-01-21T23:57:09","date_gmt":"2019-01-21T22:57:09","guid":{"rendered":"http:\/\/proconsultatio.hu\/en\/?page_id=19"},"modified":"2019-03-30T12:57:27","modified_gmt":"2019-03-30T11:57:27","slug":"services","status":"publish","type":"page","link":"https:\/\/proconsultatio.hu\/en\/services\/","title":{"rendered":"Services"},"content":{"rendered":"<div class=\"wpb-content-wrapper\"><p>[vc_row equal_height=&#8221;yes&#8221; content_placement=&#8221;top&#8221;][vc_column width=&#8221;1\/4&#8243; el_class=&#8221;equal-height-column&#8221;][vc_empty_space height=&#8221;10px&#8221;][vc_empty_space height=&#8221;10px&#8221;]<section class=\"shortcode-teaser img-full frame-fancy frame-on fadeInUp animate-element\"><div class=\"layzr-bg shortcode-teaser-img\"><img loading=\"lazy\" decoding=\"async\" class=\"lazy-load\" src=\"data:image\/svg+xml;charset=utf-8,%3Csvg xmlns%3D&#039;http%3A%2F%2Fwww.w3.org%2F2000%2Fsvg&#039; viewBox%3D&#039;0 0 300 225&#039;%2F%3E\" width=\"300\" height=\"225\" data-srcset=\"https:\/\/proconsultatio.hu\/en\/wp-content\/uploads\/2019\/01\/tanacsadas-1.jpg 300w\" data-src=\"https:\/\/proconsultatio.hu\/en\/wp-content\/uploads\/2019\/01\/tanacsadas-1.jpg\" \/><\/div><div class=\"shortcode-teaser-content text-big\"><h4 style=\"text-align: center;\">Consulting, Valuation<\/h4>\n<p>Analyses, due diligence, valuation of firms, business units, and share packages, strategic consulting, enhancing controlling systems<\/p>\n<p style=\"text-align: center;\"><a href=\"http:\/\/proconsultatio.hu\/en\/services\/consulting-valuation\/\" class=\"btn-shortcode dt-btn-s dt-btn default-btn-color default-btn-hover-color default-btn-bg-color default-btn-bg-hover-color\" id=\"dt-btn-1\"><span>Details<\/span><\/a><\/p>\n<\/div><\/section>[vc_empty_space][\/vc_column][vc_column width=&#8221;1\/4&#8243; el_class=&#8221;equal-height-column&#8221;][vc_empty_space height=&#8221;10px&#8221;][vc_empty_space height=&#8221;10px&#8221;]<section class=\"shortcode-teaser img-full frame-fancy frame-on fadeInUp animate-element\"><div class=\"layzr-bg shortcode-teaser-img\"><img loading=\"lazy\" decoding=\"async\" class=\"lazy-load\" src=\"data:image\/svg+xml;charset=utf-8,%3Csvg xmlns%3D&#039;http%3A%2F%2Fwww.w3.org%2F2000%2Fsvg&#039; viewBox%3D&#039;0 0 300 225&#039;%2F%3E\" width=\"300\" height=\"225\" data-srcset=\"https:\/\/proconsultatio.hu\/en\/wp-content\/uploads\/2019\/01\/elemzes-1.jpg 300w\" data-src=\"https:\/\/proconsultatio.hu\/en\/wp-content\/uploads\/2019\/01\/elemzes-1.jpg\" \/><\/div><div class=\"shortcode-teaser-content text-big\"><h4 style=\"text-align: center;\">Research &amp; Analysis<\/h4>\n<p>Financial plans, Expert opinions, Database analyses, Automating processes in Excel, Questionnaire based researches<\/p>\n<p style=\"text-align: center;\"><a href=\"http:\/\/proconsultatio.hu\/en\/services\/research-analysis\/\" class=\"btn-shortcode dt-btn-s dt-btn default-btn-color default-btn-hover-color default-btn-bg-color default-btn-bg-hover-color\" id=\"dt-btn-2\"><span>Details<\/span><\/a><\/p>\n<\/div><\/section>[vc_empty_space][\/vc_column][vc_column width=&#8221;1\/4&#8243; el_class=&#8221;equal-height-column&#8221;][vc_empty_space height=&#8221;10px&#8221;][vc_empty_space height=&#8221;10px&#8221;]<section class=\"shortcode-teaser img-full frame-fancy frame-on fadeInUp animate-element\"><div class=\"layzr-bg shortcode-teaser-img\"><img loading=\"lazy\" decoding=\"async\" class=\"lazy-load\" src=\"data:image\/svg+xml;charset=utf-8,%3Csvg xmlns%3D&#039;http%3A%2F%2Fwww.w3.org%2F2000%2Fsvg&#039; viewBox%3D&#039;0 0 300 225&#039;%2F%3E\" width=\"300\" height=\"225\" data-srcset=\"https:\/\/proconsultatio.hu\/en\/wp-content\/uploads\/2019\/01\/oktatas-1.jpg 300w\" data-src=\"https:\/\/proconsultatio.hu\/en\/wp-content\/uploads\/2019\/01\/oktatas-1.jpg\" \/><\/div><div class=\"shortcode-teaser-content text-big\"><h4 style=\"text-align: center;\">Education, Training, Coaching<\/h4>\n<p>Financial, Excel, VBA, and communication trainings, CFA prep courses, Business and life coaching<\/p>\n<p style=\"text-align: center;\"><a href=\"http:\/\/proconsultatio.hu\/en\/services\/education-training-coaching\/\" class=\"btn-shortcode dt-btn-s dt-btn default-btn-color default-btn-hover-color default-btn-bg-color default-btn-bg-hover-color\" id=\"dt-btn-3\"><span>Details<\/span><\/a><\/p>\n<\/div><\/section>[vc_empty_space][\/vc_column][vc_column width=&#8221;1\/4&#8243; el_class=&#8221;equal-height-column&#8221;][vc_empty_space height=&#8221;10px&#8221;][vc_empty_space height=&#8221;10px&#8221;]<section class=\"shortcode-teaser img-full frame-fancy frame-on fadeInUp animate-element\"><div class=\"layzr-bg shortcode-teaser-img\"><img loading=\"lazy\" decoding=\"async\" class=\"lazy-load\" src=\"data:image\/svg+xml;charset=utf-8,%3Csvg xmlns%3D&#039;http%3A%2F%2Fwww.w3.org%2F2000%2Fsvg&#039; viewBox%3D&#039;0 0 300 224&#039;%2F%3E\" width=\"300\" height=\"224\" data-srcset=\"https:\/\/proconsultatio.hu\/en\/wp-content\/uploads\/2019\/01\/kommunikacio-1.jpg 300w\" data-src=\"https:\/\/proconsultatio.hu\/en\/wp-content\/uploads\/2019\/01\/kommunikacio-1.jpg\" \/><\/div><div class=\"shortcode-teaser-content text-big\"><h4 style=\"text-align: center;\">Communication, PR<\/h4>\n<p>Writing articles and press releases, Professional business presentations, Scientific and awareness-raising lectures<\/p>\n<p style=\"text-align: center;\"><a href=\"http:\/\/proconsultatio.hu\/en\/services\/communication-pr\/\" class=\"btn-shortcode dt-btn-s dt-btn default-btn-color default-btn-hover-color default-btn-bg-color default-btn-bg-hover-color\" id=\"dt-btn-4\"><span>Details<\/span><\/a><\/p>\n<\/div><\/section>[vc_empty_space][\/vc_column][\/vc_row]<\/p>\n<\/div>","protected":false},"excerpt":{"rendered":"<p>[vc_row equal_height=&#8221;yes&#8221; content_placement=&#8221;top&#8221;][vc_column width=&#8221;1\/4&#8243; el_class=&#8221;equal-height-column&#8221;][vc_empty_space height=&#8221;10px&#8221;][vc_empty_space height=&#8221;10px&#8221;][vc_empty_space][\/vc_column][vc_column width=&#8221;1\/4&#8243; el_class=&#8221;equal-height-column&#8221;][vc_empty_space height=&#8221;10px&#8221;][vc_empty_space height=&#8221;10px&#8221;][vc_empty_space][\/vc_column][vc_column width=&#8221;1\/4&#8243; el_class=&#8221;equal-height-column&#8221;][vc_empty_space height=&#8221;10px&#8221;][vc_empty_space height=&#8221;10px&#8221;][vc_empty_space][\/vc_column][vc_column width=&#8221;1\/4&#8243; el_class=&#8221;equal-height-column&#8221;][vc_empty_space height=&#8221;10px&#8221;][vc_empty_space height=&#8221;10px&#8221;][vc_empty_space][\/vc_column][\/vc_row]<\/p>\n","protected":false},"author":2,"featured_media":0,"parent":0,"menu_order":0,"comment_status":"closed","ping_status":"closed","template":"","meta":{"footnotes":""},"class_list":["post-19","page","type-page","status-publish","hentry","description-off"],"yoast_head":"<!-- This site is optimized with the Yoast SEO plugin v25.3.1 - https:\/\/yoast.com\/wordpress\/plugins\/seo\/ -->\n<title>Services - ProConsultatio Kft.<\/title>\n<meta name=\"robots\" content=\"index, follow, max-snippet:-1, max-image-preview:large, max-video-preview:-1\" \/>\n<link rel=\"canonical\" href=\"https:\/\/proconsultatio.hu\/en\/services\/\" \/>\n<meta property=\"og:locale\" content=\"hu_HU\" \/>\n<meta property=\"og:type\" content=\"article\" \/>\n<meta property=\"og:title\" content=\"Services - ProConsultatio Kft.\" \/>\n<meta property=\"og:description\" content=\"[vc_row equal_height=&#8221;yes&#8221; content_placement=&#8221;top&#8221;][vc_column width=&#8221;1\/4&#8243; el_class=&#8221;equal-height-column&#8221;][vc_empty_space height=&#8221;10px&#8221;][vc_empty_space height=&#8221;10px&#8221;][vc_empty_space][\/vc_column][vc_column width=&#8221;1\/4&#8243; el_class=&#8221;equal-height-column&#8221;][vc_empty_space height=&#8221;10px&#8221;][vc_empty_space height=&#8221;10px&#8221;][vc_empty_space][\/vc_column][vc_column width=&#8221;1\/4&#8243; el_class=&#8221;equal-height-column&#8221;][vc_empty_space height=&#8221;10px&#8221;][vc_empty_space height=&#8221;10px&#8221;][vc_empty_space][\/vc_column][vc_column width=&#8221;1\/4&#8243; el_class=&#8221;equal-height-column&#8221;][vc_empty_space height=&#8221;10px&#8221;][vc_empty_space height=&#8221;10px&#8221;][vc_empty_space][\/vc_column][\/vc_row]\" \/>\n<meta property=\"og:url\" content=\"https:\/\/proconsultatio.hu\/en\/services\/\" \/>\n<meta property=\"og:site_name\" content=\"ProConsultatio Kft.\" \/>\n<meta property=\"article:modified_time\" content=\"2019-03-30T11:57:27+00:00\" \/>\n<meta name=\"twitter:card\" content=\"summary_large_image\" \/>\n<meta name=\"twitter:label1\" content=\"Becs\u00fclt olvas\u00e1si id\u0151\" \/>\n\t<meta name=\"twitter:data1\" content=\"2 perc\" \/>\n<script type=\"application\/ld+json\" class=\"yoast-schema-graph\">{\"@context\":\"https:\/\/schema.org\",\"@graph\":[{\"@type\":\"WebPage\",\"@id\":\"https:\/\/proconsultatio.hu\/en\/services\/\",\"url\":\"https:\/\/proconsultatio.hu\/en\/services\/\",\"name\":\"Services - ProConsultatio Kft.\",\"isPartOf\":{\"@id\":\"https:\/\/proconsultatio.hu\/en\/#website\"},\"datePublished\":\"2019-01-21T22:57:09+00:00\",\"dateModified\":\"2019-03-30T11:57:27+00:00\",\"breadcrumb\":{\"@id\":\"https:\/\/proconsultatio.hu\/en\/services\/#breadcrumb\"},\"inLanguage\":\"hu\",\"potentialAction\":[{\"@type\":\"ReadAction\",\"target\":[\"https:\/\/proconsultatio.hu\/en\/services\/\"]}]},{\"@type\":\"BreadcrumbList\",\"@id\":\"https:\/\/proconsultatio.hu\/en\/services\/#breadcrumb\",\"itemListElement\":[{\"@type\":\"ListItem\",\"position\":1,\"name\":\"Home\",\"item\":\"https:\/\/proconsultatio.hu\/en\/\"},{\"@type\":\"ListItem\",\"position\":2,\"name\":\"Services\"}]},{\"@type\":\"WebSite\",\"@id\":\"https:\/\/proconsultatio.hu\/en\/#website\",\"url\":\"https:\/\/proconsultatio.hu\/en\/\",\"name\":\"ProConsultatio Kft.\",\"description\":\"\",\"potentialAction\":[{\"@type\":\"SearchAction\",\"target\":{\"@type\":\"EntryPoint\",\"urlTemplate\":\"https:\/\/proconsultatio.hu\/en\/?s={search_term_string}\"},\"query-input\":{\"@type\":\"PropertyValueSpecification\",\"valueRequired\":true,\"valueName\":\"search_term_string\"}}],\"inLanguage\":\"hu\"}]}<\/script>\n<!-- \/ Yoast SEO plugin. -->","yoast_head_json":{"title":"Services - ProConsultatio Kft.","robots":{"index":"index","follow":"follow","max-snippet":"max-snippet:-1","max-image-preview":"max-image-preview:large","max-video-preview":"max-video-preview:-1"},"canonical":"https:\/\/proconsultatio.hu\/en\/services\/","og_locale":"hu_HU","og_type":"article","og_title":"Services - ProConsultatio Kft.","og_description":"[vc_row equal_height=&#8221;yes&#8221; content_placement=&#8221;top&#8221;][vc_column width=&#8221;1\/4&#8243; el_class=&#8221;equal-height-column&#8221;][vc_empty_space height=&#8221;10px&#8221;][vc_empty_space height=&#8221;10px&#8221;][vc_empty_space][\/vc_column][vc_column width=&#8221;1\/4&#8243; el_class=&#8221;equal-height-column&#8221;][vc_empty_space height=&#8221;10px&#8221;][vc_empty_space height=&#8221;10px&#8221;][vc_empty_space][\/vc_column][vc_column width=&#8221;1\/4&#8243; el_class=&#8221;equal-height-column&#8221;][vc_empty_space height=&#8221;10px&#8221;][vc_empty_space height=&#8221;10px&#8221;][vc_empty_space][\/vc_column][vc_column width=&#8221;1\/4&#8243; el_class=&#8221;equal-height-column&#8221;][vc_empty_space height=&#8221;10px&#8221;][vc_empty_space height=&#8221;10px&#8221;][vc_empty_space][\/vc_column][\/vc_row]","og_url":"https:\/\/proconsultatio.hu\/en\/services\/","og_site_name":"ProConsultatio Kft.","article_modified_time":"2019-03-30T11:57:27+00:00","twitter_card":"summary_large_image","twitter_misc":{"Becs\u00fclt olvas\u00e1si id\u0151":"2 perc"},"schema":{"@context":"https:\/\/schema.org","@graph":[{"@type":"WebPage","@id":"https:\/\/proconsultatio.hu\/en\/services\/","url":"https:\/\/proconsultatio.hu\/en\/services\/","name":"Services - ProConsultatio Kft.","isPartOf":{"@id":"https:\/\/proconsultatio.hu\/en\/#website"},"datePublished":"2019-01-21T22:57:09+00:00","dateModified":"2019-03-30T11:57:27+00:00","breadcrumb":{"@id":"https:\/\/proconsultatio.hu\/en\/services\/#breadcrumb"},"inLanguage":"hu","potentialAction":[{"@type":"ReadAction","target":["https:\/\/proconsultatio.hu\/en\/services\/"]}]},{"@type":"BreadcrumbList","@id":"https:\/\/proconsultatio.hu\/en\/services\/#breadcrumb","itemListElement":[{"@type":"ListItem","position":1,"name":"Home","item":"https:\/\/proconsultatio.hu\/en\/"},{"@type":"ListItem","position":2,"name":"Services"}]},{"@type":"WebSite","@id":"https:\/\/proconsultatio.hu\/en\/#website","url":"https:\/\/proconsultatio.hu\/en\/","name":"ProConsultatio Kft.","description":"","potentialAction":[{"@type":"SearchAction","target":{"@type":"EntryPoint","urlTemplate":"https:\/\/proconsultatio.hu\/en\/?s={search_term_string}"},"query-input":{"@type":"PropertyValueSpecification","valueRequired":true,"valueName":"search_term_string"}}],"inLanguage":"hu"}]}},"_links":{"self":[{"href":"https:\/\/proconsultatio.hu\/en\/wp-json\/wp\/v2\/pages\/19","targetHints":{"allow":["GET"]}}],"collection":[{"href":"https:\/\/proconsultatio.hu\/en\/wp-json\/wp\/v2\/pages"}],"about":[{"href":"https:\/\/proconsultatio.hu\/en\/wp-json\/wp\/v2\/types\/page"}],"author":[{"embeddable":true,"href":"https:\/\/proconsultatio.hu\/en\/wp-json\/wp\/v2\/users\/2"}],"replies":[{"embeddable":true,"href":"https:\/\/proconsultatio.hu\/en\/wp-json\/wp\/v2\/comments?post=19"}],"version-history":[{"count":4,"href":"https:\/\/proconsultatio.hu\/en\/wp-json\/wp\/v2\/pages\/19\/revisions"}],"predecessor-version":[{"id":273,"href":"https:\/\/proconsultatio.hu\/en\/wp-json\/wp\/v2\/pages\/19\/revisions\/273"}],"wp:attachment":[{"href":"https:\/\/proconsultatio.hu\/en\/wp-json\/wp\/v2\/media?parent=19"}],"curies":[{"name":"wp","href":"https:\/\/api.w.org\/{rel}","templated":true}]}}